{"id":1556,"date":"2025-08-27T09:56:15","date_gmt":"2025-08-27T07:56:15","guid":{"rendered":"https:\/\/praemien-bs.blutspende-nordwestschweiz.ch\/index.php\/produkt\/aarau-geschenk-gutschein-20\/"},"modified":"2026-04-09T01:58:42","modified_gmt":"2026-04-08T23:58:42","slug":"aarau-geschenk-gutschein-20","status":"publish","type":"product","link":"https:\/\/praemien-bs.blutspende-nordwestschweiz.ch\/index.php\/produkt\/aarau-geschenk-gutschein-20\/","title":{"rendered":"Aarau Geschenk Gutschein"},"content":{"rendered":"<p>Egal ob Mode, Kulinarik, Kultur oder Wellness: Der Gutschein ist in \u00fcber 125 Aarauer Gesch\u00e4ften einl\u00f6sbar \u2013 vom charmanten Einzelhandel bis zum feinen Restaurant.<\/p>\n<p>Foto Credit: https:\/\/zentrumaarau.ch\/ Webseite\/Annahmestellen: https:\/\/aarauinfo.ch\/gutscheine\/annahmestellen-gutscheine<\/p>\n","protected":false},"excerpt":{"rendered":"<p>Egal ob Mode, Kulinarik, Kultur oder Wellness: Der Gutschein ist in \u00fcber 125 Aarauer Gesch\u00e4ften einl\u00f6sbar \u2013 vom charmanten Einzelhandel bis zum feinen Restaurant. Foto Credit: https:\/\/zentrumaarau.ch\/ Webseite\/Annahmestellen: https:\/\/aarauinfo.ch\/gutscheine\/annahmestellen-gutscheine<\/p>\n","protected":false},"featured_media":1557,"template":"","meta":{"_acf_changed":false},"product_brand":[],"product_cat":[22,18,40,32,47,36],"product_tag":[],"class_list":{"0":"post-1556","1":"product","2":"type-product","3":"status-publish","4":"has-post-thumbnail","6":"product_cat-freizeit-2","7":"product_cat-gutscheine","8":"product_cat-lifestyle","9":"product_cat-shopping","10":"product_cat-transport","11":"product_cat-verpflegung","13":"first","14":"instock","15":"shipping-taxable","16":"purchasable","17":"product-type-variable"},"acf":[],"_links":{"self":[{"href":"https:\/\/praemien-bs.blutspende-nordwestschweiz.ch\/index.php\/wp-json\/wp\/v2\/product\/1556","targetHints":{"allow":["GET"]}}],"collection":[{"href":"https:\/\/praemien-bs.blutspende-nordwestschweiz.ch\/index.php\/wp-json\/wp\/v2\/product"}],"about":[{"href":"https:\/\/praemien-bs.blutspende-nordwestschweiz.ch\/index.php\/wp-json\/wp\/v2\/types\/product"}],"wp:featuredmedia":[{"embeddable":true,"href":"https:\/\/praemien-bs.blutspende-nordwestschweiz.ch\/index.php\/wp-json\/wp\/v2\/media\/1557"}],"wp:attachment":[{"href":"https:\/\/praemien-bs.blutspende-nordwestschweiz.ch\/index.php\/wp-json\/wp\/v2\/media?parent=1556"}],"wp:term":[{"taxonomy":"product_brand","embeddable":true,"href":"https:\/\/praemien-bs.blutspende-nordwestschweiz.ch\/index.php\/wp-json\/wp\/v2\/product_brand?post=1556"},{"taxonomy":"product_cat","embeddable":true,"href":"https:\/\/praemien-bs.blutspende-nordwestschweiz.ch\/index.php\/wp-json\/wp\/v2\/product_cat?post=1556"},{"taxonomy":"product_tag","embeddable":true,"href":"https:\/\/praemien-bs.blutspende-nordwestschweiz.ch\/index.php\/wp-json\/wp\/v2\/product_tag?post=1556"}],"curies":[{"name":"wp","href":"https:\/\/api.w.org\/{rel}","templated":true}]}}