{"id":3201,"date":"2026-03-02T14:27:05","date_gmt":"2026-03-02T12:27:05","guid":{"rendered":"https:\/\/praemien-bs.blutspende-nordwestschweiz.ch\/?page_id=3201"},"modified":"2026-03-02T14:29:46","modified_gmt":"2026-03-02T12:29:46","slug":"abg","status":"publish","type":"page","link":"https:\/\/praemien-bs.blutspende-nordwestschweiz.ch\/index.php\/abg\/","title":{"rendered":"AGB"},"content":{"rendered":"\n<p>Allgemeine Gesch\u00e4ftsbedingungen<\/p>\n\n\n\n<h2 class=\"wp-block-heading\">Punkteprogramm f\u00fcr Spenderinnen und Spender der Stiftung Blutspende&nbsp;SRK&nbsp;Nordwestschweiz&nbsp;<\/h2>\n\n\n\n<h4 class=\"wp-block-heading\">1. Geltungsbereich und Teilnahme&nbsp;<\/h4>\n\n\n\n<p>Die Teilnahme am Punkteprogramm erfolgt automatisch nach einer get\u00e4tigten Blutspende in der Stiftung Blutspende&nbsp;SRK&nbsp;Nordwestschweiz.&nbsp;&nbsp;<\/p>\n\n\n\n<p>Die Nutzung des Punkteprogramms ist kostenlos und freiwillig.&nbsp;&nbsp;<\/p>\n\n\n\n<p>Die Teilnahmebedingungen werden mit der Registrierung\/Nutzung akzeptiert.&nbsp;<\/p>\n\n\n\n<p>F\u00fcr die Nutzung ist die Angabe einer g\u00fcltigen E-Mail-Adresse Voraussetzung.&nbsp;<\/p>\n\n\n\n<h4 class=\"wp-block-heading\">2. Punktevergabe&nbsp;<\/h4>\n\n\n\n<figure class=\"wp-block-table is-style-stripes\"><table class=\"has-fixed-layout\" style=\"border-style:none;border-width:0px\"><tbody><tr><td>Vollblutspende&nbsp;<\/td><td>3 Punkte&nbsp;<\/td><\/tr><tr><td>Blutpl\u00e4ttchenspende&nbsp;\/&nbsp;Thrombozytenspende&nbsp;<\/td><td>20 Punkte&nbsp;<\/td><\/tr><tr><td>Erste Spende bei der Stiftung Blutspende&nbsp;SRK&nbsp;Nordwestschweiz&nbsp;<\/td><td>5 Punkte&nbsp;<\/td><\/tr><tr><td>Erstspender:in&nbsp;wird mitgebracht&nbsp;<\/td><td>&nbsp;Je 5 Punkte&nbsp;<\/td><\/tr><tr><td>Spendejubil\u00e4en:&nbsp;<\/td><td>&nbsp;<\/td><\/tr><tr><td>25. Spende&nbsp;<\/td><td>25 Punkte&nbsp;<\/td><\/tr><tr><td>50. Spende&nbsp;<\/td><td>50 Punkte&nbsp;<\/td><\/tr><tr><td>75. Spende&nbsp;<\/td><td>75 Punkte&nbsp;<\/td><\/tr><tr><td>100. Spende&nbsp;<\/td><td>100 Punkte&nbsp;<\/td><\/tr><tr><td>125. Spende&nbsp;<\/td><td>50 Punkte&nbsp;<\/td><\/tr><tr><td>150. Spende&nbsp;<\/td><td>50 Punkte&nbsp;<\/td><\/tr><tr><td>175. Spende&nbsp;<\/td><td>50 Punkte&nbsp;<\/td><\/tr><tr><td>200. Spende&nbsp;<\/td><td>100 Punkte&nbsp;<\/td><\/tr><tr><td>225. Spende&nbsp;<\/td><td>50 Punkte&nbsp;<\/td><\/tr><tr><td>250. Spende&nbsp;<\/td><td>50 Punkte&nbsp;<\/td><\/tr><tr><td>275. Spende&nbsp;<\/td><td>50 Punkte&nbsp;<\/td><\/tr><tr><td>300. Spende&nbsp;<\/td><td>100 Punkte&nbsp;<\/td><\/tr><tr><td>400. Spende&nbsp;<\/td><td>100 Punkte&nbsp;<\/td><\/tr><\/tbody><\/table><\/figure>\n\n\n\n<h4 class=\"wp-block-heading\">3. Bedingungen der Punktevergabe und Pr\u00e4mien&nbsp;<\/h4>\n\n\n\n<p>Bedingungen f\u00fcr die Punktevergabe ist die begonnene Blutspende nach positiv erfolgtem Spendercheck.&nbsp;&nbsp;<\/p>\n\n\n\n<p>Punkte k\u00f6nnen nur f\u00fcr Pr\u00e4mien eingel\u00f6st werden, die im Pr\u00e4mienshop aktuell ausgewiesen sind.&nbsp;<\/p>\n\n\n\n<p>Auszahlungen in Bargeld sind ausgeschlossen.&nbsp;<\/p>\n\n\n\n<h4 class=\"wp-block-heading\">4. Verfall, \u00c4nderungen und Beendigung&nbsp;<\/h4>\n\n\n\n<p>Die Stiftung Blutspende&nbsp;SRK&nbsp;Nordwestschweiz beh\u00e4lt sich das Recht vor, Programmregeln zu \u00e4ndern oder das Programm einzustellen. \u00c4nderungen werden rechtzeitig bekannt gegeben.&nbsp;&nbsp;<\/p>\n\n\n\n<p>Beim Einl\u00f6sen werden die Punkte vom Punktebestand abgezogen.&nbsp;&nbsp;<\/p>\n\n\n\n<p>Nicht eingel\u00f6ste Punkte verfallen nach Ablauf der festgelegten Frist:&nbsp;<\/p>\n\n\n\n<ul class=\"wp-block-list\">\n<li>Die&nbsp;gesammelten&nbsp;Punkte verfallen, wenn sie nicht binnen f\u00fcnf Jahren ab dem Zeitpunkt der&nbsp;letzten Spende&nbsp;eingel\u00f6st werden.&nbsp;&nbsp;<\/li>\n<\/ul>\n\n\n\n<ul class=\"wp-block-list\">\n<li>Mit der offiziellen Beendigung der&nbsp;Spendet\u00e4tigkeit&nbsp;aufgrund des Alters verfallen&nbsp;oder Ausschluss aus medizinischen Gr\u00fcnden&nbsp;alle bis dahin nicht eingel\u00f6sten Punkte 12 Monate nach der letzten Spende.&nbsp;&nbsp;<\/li>\n<\/ul>\n\n\n\n<ul class=\"wp-block-list\">\n<li>Mit Ablauf der Verj\u00e4hrungsfristen erlischt der Anspruch auf Einl\u00f6sung&nbsp;der Punkte&nbsp;endg\u00fcltig.&nbsp;<\/li>\n<\/ul>\n\n\n\n<h4 class=\"wp-block-heading\">5. Konto, Datenschutz und Sicherheit&nbsp;<\/h4>\n\n\n\n<p>Das Punktekonto ist personenbezogen und nicht \u00fcbertragbar oder vererbbar.&nbsp;<\/p>\n\n\n\n<p>Informationen zum Datenschutz finden sich in der Datenschutzerkl\u00e4rung der Stiftung Blutspende&nbsp;SRK&nbsp;Nordwestschweiz.&nbsp;<\/p>\n\n\n\n<p>Ein Missbrauch des Punkteprogramms oder der Punkte&nbsp;k\u00f6nnen&nbsp;zum Ausschluss vom Programm f\u00fchren.&nbsp;<\/p>\n\n\n\n<p><\/p>\n","protected":false},"excerpt":{"rendered":"<p>Allgemeine Gesch\u00e4ftsbedingungen Punkteprogramm f\u00fcr Spenderinnen und Spender der Stiftung Blutspende&nbsp;SRK&nbsp;Nordwestschweiz&nbsp; 1. Geltungsbereich und Teilnahme&nbsp; Die Teilnahme am Punkteprogramm erfolgt automatisch nach einer get\u00e4tigten Blutspende in der Stiftung Blutspende&nbsp;SRK&nbsp;Nordwestschweiz.&nbsp;&nbsp; Die Nutzung des Punkteprogramms ist kostenlos und freiwillig.&nbsp;&nbsp; Die Teilnahmebedingungen werden mit der Registrierung\/Nutzung akzeptiert.&nbsp; F\u00fcr die Nutzung ist die Angabe einer g\u00fcltigen E-Mail-Adresse Voraussetzung.&nbsp; 2. Punktevergabe&nbsp; [&hellip;]<\/p>\n","protected":false},"author":1,"featured_media":0,"parent":0,"menu_order":0,"comment_status":"closed","ping_status":"closed","template":"","meta":{"_acf_changed":false,"footnotes":""},"class_list":["post-3201","page","type-page","status-publish","hentry"],"acf":[],"_links":{"self":[{"href":"https:\/\/praemien-bs.blutspende-nordwestschweiz.ch\/index.php\/wp-json\/wp\/v2\/pages\/3201","targetHints":{"allow":["GET"]}}],"collection":[{"href":"https:\/\/praemien-bs.blutspende-nordwestschweiz.ch\/index.php\/wp-json\/wp\/v2\/pages"}],"about":[{"href":"https:\/\/praemien-bs.blutspende-nordwestschweiz.ch\/index.php\/wp-json\/wp\/v2\/types\/page"}],"author":[{"embeddable":true,"href":"https:\/\/praemien-bs.blutspende-nordwestschweiz.ch\/index.php\/wp-json\/wp\/v2\/users\/1"}],"replies":[{"embeddable":true,"href":"https:\/\/praemien-bs.blutspende-nordwestschweiz.ch\/index.php\/wp-json\/wp\/v2\/comments?post=3201"}],"version-history":[{"count":2,"href":"https:\/\/praemien-bs.blutspende-nordwestschweiz.ch\/index.php\/wp-json\/wp\/v2\/pages\/3201\/revisions"}],"predecessor-version":[{"id":3205,"href":"https:\/\/praemien-bs.blutspende-nordwestschweiz.ch\/index.php\/wp-json\/wp\/v2\/pages\/3201\/revisions\/3205"}],"wp:attachment":[{"href":"https:\/\/praemien-bs.blutspende-nordwestschweiz.ch\/index.php\/wp-json\/wp\/v2\/media?parent=3201"}],"curies":[{"name":"wp","href":"https:\/\/api.w.org\/{rel}","templated":true}]}}