{"id":19,"date":"2023-03-19T23:00:21","date_gmt":"2023-03-19T21:00:21","guid":{"rendered":"https:\/\/praemien-staging.digipoc.xyz\/?page_id=19"},"modified":"2025-11-24T10:06:07","modified_gmt":"2025-11-24T08:06:07","slug":"homepage","status":"publish","type":"page","link":"https:\/\/praemien-bs.blutspende-nordwestschweiz.ch\/","title":{"rendered":"Blutspende Pr\u00e4mienshop | Region Basel"},"content":{"rendered":"\n<h2 class=\"wp-block-heading\">Dein erstes Mal im Pr\u00e4mienshop?<\/h2>\n\n\n\n<p>Gib unter folgendem Link \u00ab<a href=\"https:\/\/praemien-bs.blutspende-nordwestschweiz.ch\/index.php\/mein-konto\/lost-password\/\">Mein Konto<\/a>\u00bb deine E-Mail-Adresse an und klicke auf \u00abPasswort zur\u00fccksetzen\u00bb. Du erh\u00e4ltst per E-Mail einen Link zum Setzen deines Passwortes. Im\u00a0<a href=\"https:\/\/praemien-bs.blutspende-nordwestschweiz.ch\/index.php\/shop\/\">Shop<\/a>\u00a0kannst du dir Pr\u00e4mien zusammenstellen.<\/p>\n\n\n\n<p>Die\u00a0<a href=\"https:\/\/praemien-bs.blutspende-nordwestschweiz.ch\/index.php\/faq\/\">FAQ<\/a>\u00a0Page hilft dir bei Fragen weiter.<\/p>\n\n\n\n<h2 class=\"wp-block-heading\">Unser Dank f\u00fcr deine regelm\u00e4ssigen Blutspenden<\/h2>\n\n\n\n<p>Das Team der <a href=\"http:\/\/www.blutspende-nordwestschweiz.ch\" target=\"_blank\" rel=\"noreferrer noopener\">Blutspende SRK Nordwestschweiz<\/a> dankt dir, dass du regelm\u00e4ssig Blut spendest. Wir sch\u00e4tzen das ganz enorm. Sammele Punkte bei jeder Blutspende und l\u00f6se diese hier <a href=\"https:\/\/praemien-bs.blutspende-nordwestschweiz.ch\/index.php\/shop\/\">im Pr\u00e4mienshop<\/a> gegen Gutscheine und Eintrittskarten ein. F\u00fcr dich selbst oder zum Weiterverschenken :).<\/p>\n\n\n\n<h2 class=\"wp-block-heading\">Spendepunkte sammeln und einl\u00f6sen<\/h2>\n\n\n<div class=\"wp-block-image\">\n<figure class=\"alignleft size-large is-resized\"><img loading=\"lazy\" decoding=\"async\" width=\"683\" height=\"1024\" src=\"https:\/\/praemien-staging.blutspende-basel.ch\/wp-content\/uploads\/2023\/05\/Blutspende_Basel_Praemienshop-683x1024.jpg\" alt=\"\" class=\"wp-image-365\" style=\"width:311px;height:467px\" srcset=\"https:\/\/praemien-bs.blutspende-nordwestschweiz.ch\/wp-content\/uploads\/2023\/05\/Blutspende_Basel_Praemienshop-683x1024.jpg 683w, https:\/\/praemien-bs.blutspende-nordwestschweiz.ch\/wp-content\/uploads\/2023\/05\/Blutspende_Basel_Praemienshop-200x300.jpg 200w, https:\/\/praemien-bs.blutspende-nordwestschweiz.ch\/wp-content\/uploads\/2023\/05\/Blutspende_Basel_Praemienshop-768x1151.jpg 768w, https:\/\/praemien-bs.blutspende-nordwestschweiz.ch\/wp-content\/uploads\/2023\/05\/Blutspende_Basel_Praemienshop-1025x1536.jpg 1025w, https:\/\/praemien-bs.blutspende-nordwestschweiz.ch\/wp-content\/uploads\/2023\/05\/Blutspende_Basel_Praemienshop-1366x2048.jpg 1366w, https:\/\/praemien-bs.blutspende-nordwestschweiz.ch\/wp-content\/uploads\/2023\/05\/Blutspende_Basel_Praemienshop-416x624.jpg 416w, https:\/\/praemien-bs.blutspende-nordwestschweiz.ch\/wp-content\/uploads\/2023\/05\/Blutspende_Basel_Praemienshop-scaled.jpg 1708w\" sizes=\"auto, (max-width: 683px) 100vw, 683px\" \/><\/figure>\n<\/div>\n\n\n<p><br><strong>Wie viele Punkte erhalte ich pro Spende?<\/strong><br>Vollblutspende: 3 <br>Blutpl\u00e4ttchenspende: 20<br>Deine erste Vollblutspende bei uns: 5 <br>Bringe jemanden mit: 5 Zusatzpunkte (8 Punkte im Total).<\/p>\n\n\n\n<p><strong>Wie ist mein aktueller Punktestand?<\/strong><br>Deinen aktuellen Punktestand siehst du unter <a href=\"https:\/\/praemien-bs.blutspende-nordwestschweiz.ch\/index.php\/mein-konto\/\" data-type=\"page\" data-id=\"11\">Mein Konto<\/a> im Bereich &#171;Kontodetails&#187;. Die Pr\u00e4mien k\u00f6nnen ausschliesslich elektronisch im Pr\u00e4mienshop eingel\u00f6st werden. Bitte beachte, dass f\u00fcr das Einl\u00f6sen eine j\u00e4hrliche Limite von 400 Punkten gibt.<\/p>\n\n\n\n<p>Viel Vergn\u00fcgen und herzlichen Dank f\u00fcr deine regelm\u00e4ssigen Blutspenden. Auf bald wieder!<br><br>Blutspende SRK Nordwestschweiz<\/p>\n\n\n\n<p>PS. Danke Patricia f\u00fcr deine Blutspenden und das tolle Foto!<\/p>\n\n\n<div class=\"wp-block-image is-resized\">\n<figure class=\"alignleft size-large\"><img loading=\"lazy\" decoding=\"async\" width=\"1024\" height=\"221\" src=\"https:\/\/praemien-bs.blutspende-nordwestschweiz.ch\/wp-content\/uploads\/2025\/09\/cropped-cropped-BS_SRK_cmyk_nordwestschweiz_300dpi-1024x221.jpg\" alt=\"\" class=\"wp-image-1347\" style=\"width:338px\" srcset=\"https:\/\/praemien-bs.blutspende-nordwestschweiz.ch\/wp-content\/uploads\/2025\/09\/cropped-cropped-BS_SRK_cmyk_nordwestschweiz_300dpi-1024x221.jpg 1024w, https:\/\/praemien-bs.blutspende-nordwestschweiz.ch\/wp-content\/uploads\/2025\/09\/cropped-cropped-BS_SRK_cmyk_nordwestschweiz_300dpi-300x65.jpg 300w, https:\/\/praemien-bs.blutspende-nordwestschweiz.ch\/wp-content\/uploads\/2025\/09\/cropped-cropped-BS_SRK_cmyk_nordwestschweiz_300dpi-768x166.jpg 768w, https:\/\/praemien-bs.blutspende-nordwestschweiz.ch\/wp-content\/uploads\/2025\/09\/cropped-cropped-BS_SRK_cmyk_nordwestschweiz_300dpi-416x90.jpg 416w, https:\/\/praemien-bs.blutspende-nordwestschweiz.ch\/wp-content\/uploads\/2025\/09\/cropped-cropped-BS_SRK_cmyk_nordwestschweiz_300dpi.jpg 1406w\" sizes=\"auto, (max-width: 1024px) 100vw, 1024px\" \/><\/figure>\n<\/div>\n\n\n<p><\/p>\n","protected":false},"excerpt":{"rendered":"<p>Dein erstes Mal im Pr\u00e4mienshop? Gib unter folgendem Link \u00abMein Konto\u00bb deine E-Mail-Adresse an und klicke auf \u00abPasswort zur\u00fccksetzen\u00bb. Du erh\u00e4ltst per E-Mail einen Link zum Setzen deines Passwortes. Im\u00a0Shop\u00a0kannst du dir Pr\u00e4mien zusammenstellen. Die\u00a0FAQ\u00a0Page hilft dir bei Fragen weiter. Unser Dank f\u00fcr deine regelm\u00e4ssigen Blutspenden Das Team der Blutspende SRK Nordwestschweiz dankt dir, dass [&hellip;]<\/p>\n","protected":false},"author":1,"featured_media":0,"parent":0,"menu_order":0,"comment_status":"closed","ping_status":"closed","template":"","meta":{"_acf_changed":false,"footnotes":""},"class_list":["post-19","page","type-page","status-publish","hentry"],"acf":[],"_links":{"self":[{"href":"https:\/\/praemien-bs.blutspende-nordwestschweiz.ch\/index.php\/wp-json\/wp\/v2\/pages\/19","targetHints":{"allow":["GET"]}}],"collection":[{"href":"https:\/\/praemien-bs.blutspende-nordwestschweiz.ch\/index.php\/wp-json\/wp\/v2\/pages"}],"about":[{"href":"https:\/\/praemien-bs.blutspende-nordwestschweiz.ch\/index.php\/wp-json\/wp\/v2\/types\/page"}],"author":[{"embeddable":true,"href":"https:\/\/praemien-bs.blutspende-nordwestschweiz.ch\/index.php\/wp-json\/wp\/v2\/users\/1"}],"replies":[{"embeddable":true,"href":"https:\/\/praemien-bs.blutspende-nordwestschweiz.ch\/index.php\/wp-json\/wp\/v2\/comments?post=19"}],"version-history":[{"count":12,"href":"https:\/\/praemien-bs.blutspende-nordwestschweiz.ch\/index.php\/wp-json\/wp\/v2\/pages\/19\/revisions"}],"predecessor-version":[{"id":2270,"href":"https:\/\/praemien-bs.blutspende-nordwestschweiz.ch\/index.php\/wp-json\/wp\/v2\/pages\/19\/revisions\/2270"}],"wp:attachment":[{"href":"https:\/\/praemien-bs.blutspende-nordwestschweiz.ch\/index.php\/wp-json\/wp\/v2\/media?parent=19"}],"curies":[{"name":"wp","href":"https:\/\/api.w.org\/{rel}","templated":true}]}}